{"id":10,"date":"2016-04-27T22:16:28","date_gmt":"2016-04-27T21:16:28","guid":{"rendered":"http:\/\/www.partilia.cz\/?page_id=10"},"modified":"2025-04-27T19:01:48","modified_gmt":"2025-04-27T18:01:48","slug":"aktuality","status":"publish","type":"page","link":"https:\/\/www.partilia.cz\/","title":{"rendered":"\u00davod"},"content":{"rendered":"[vc_row type=&#8220;in_container&#8220; full_screen_row_position=&#8220;middle&#8220; scene_position=&#8220;center&#8220; text_color=&#8220;dark&#8220; text_align=&#8220;left&#8220; overlay_strength=&#8220;0.3&#8243;][vc_column column_padding=&#8220;no-extra-padding&#8220; column_padding_position=&#8220;all&#8220; background_color_opacity=&#8220;1&#8243; background_hover_color_opacity=&#8220;1&#8243; column_shadow=&#8220;none&#8220; width=&#8220;1\/1&#8243; tablet_text_alignment=&#8220;default&#8220; phone_text_alignment=&#8220;default&#8220; column_border_width=&#8220;none&#8220; column_border_style=&#8220;solid&#8220;]<style type=\"text\/css\">#nectar-slider-instance-1, #nectar-slider-instance-1 .swiper-container { height: calc( 1000 * 100vw \/ 1600 ); } <\/style><div  data-transition=\"slide\" data-overall_style=\"classic\" data-flexible-height=\"true\" data-animate-in-effect=\"none\" data-fullscreen=\"false\" data-button-sizing=\"regular\" data-button-styling=\"btn_with_count\" data-autorotate=\"\" data-parallax=\"false\" data-parallax-disable-mobile=\"\" data-caption-trans=\"fade_in_from_bottom\" data-parallax-style=\"bg_only\" data-bg-animation=\"none\" data-full-width=\"true\" class=\"nectar-slider-wrap \" id=\"nectar-slider-instance-1\"><div class=\"swiper-container\"  data-tho=\"auto\" data-tco=\"auto\" data-pho=\"auto\" data-pco=\"auto\" data-loop=\"false\" data-height=\"1000\" data-min-height=\"\" data-arrows=\"false\" data-bullets=\"false\" data-bullet_style=\"see_through\" data-bullet_position=\"bottom\" data-desktop-swipe=\"false\" data-settings=\"\"> <div class=\"swiper-wrapper\"><div class=\"swiper-slide\" data-desktop-content-width=\"\" data-tablet-content-width=\"\" data-bg-alignment=\"top\" data-color-scheme=\"light\" data-x-pos=\"centered\" data-y-pos=\"middle\" ><div class=\"slide-bg-wrap\"><div class=\"image-bg\" style=\"background-image: url(https:\/\/www.partilia.cz\/wp-content\/uploads\/2018\/11\/slider.jpg);\"> &nbsp; <\/div><\/div><a href=\"#\" class=\"slider-down-arrow\"><i class=\"icon-salient-down-arrow icon-default-style\"> <span class=\"ie-fix\"><\/span> <\/i><\/a><div class=\"video-texture \"> <span class=\"ie-fix\"><\/span> <\/div><\/div> <!--\/swiper-slide--><\/div><div class=\"nectar-slider-loading \"> <span class=\"loading-icon spin\">   <\/span> <\/div> <\/div> \n\t\t\t\t\t\n\t\t\t\t\t<\/div>[\/vc_column][\/vc_row][vc_row type=&#8220;in_container&#8220; full_screen_row_position=&#8220;middle&#8220; equal_height=&#8220;yes&#8220; content_placement=&#8220;middle&#8220; scene_position=&#8220;center&#8220; text_color=&#8220;dark&#8220; text_align=&#8220;left&#8220; top_padding=&#8220;50&#8243; overlay_strength=&#8220;0.3&#8243;][vc_column centered_text=&#8220;true&#8220; column_padding=&#8220;no-extra-padding&#8220; column_padding_position=&#8220;all&#8220; background_color_opacity=&#8220;1&#8243; background_hover_color_opacity=&#8220;1&#8243; column_shadow=&#8220;none&#8220; width=&#8220;1\/1&#8243; tablet_text_alignment=&#8220;default&#8220; phone_text_alignment=&#8220;default&#8220; column_border_width=&#8220;none&#8220; column_border_style=&#8220;solid&#8220;][vc_column_text]\n<p style=\"text-align: center;\">[image_with_animation animation=&#8220;Fade In&#8220; image_url=&#8220;http:\/\/www.partilia.cz\/wp-content\/uploads\/2016\/04\/gif_etiketa1.gif&#8220; delay=&#8220;&#8220;] [\/image_with_animation]\n<h6 style=\"text-align: center;\">&#8222;\u010dty\u0159i ruce, dv\u011b srdce, jedna zna\u010dka\u201d<\/h6>\n[\/vc_column_text][\/vc_column][\/vc_row][vc_row type=&#8220;in_container&#8220; full_screen_row_position=&#8220;middle&#8220; scene_position=&#8220;center&#8220; text_color=&#8220;dark&#8220; text_align=&#8220;left&#8220; overlay_strength=&#8220;0.3&#8243;][vc_column column_padding=&#8220;no-extra-padding&#8220; column_padding_position=&#8220;all&#8220; background_color_opacity=&#8220;1&#8243; background_hover_color_opacity=&#8220;1&#8243; column_shadow=&#8220;none&#8220; width=&#8220;1\/1&#8243; tablet_text_alignment=&#8220;default&#8220; phone_text_alignment=&#8220;default&#8220; column_border_width=&#8220;none&#8220; column_border_style=&#8220;solid&#8220;][vc_column_text]V\u00edno PAR<strong>TILIA<\/strong> \u2013 mal\u00e9 p\u0159\u00e1telsk\u00e9 vina\u0159stv\u00ed Ji\u0159\u00edho Kucha\u0159e a Anton\u00edna Novotn\u00e9ho, s\u00eddl\u00edc\u00ed v jedn\u00e9 sklepn\u00ed uli\u010dce ve Chvalovic\u00edch. N\u00e1zev vina\u0159stv\u00ed odkazuje ke\u00a0vzne\u0161en\u00e9 c\u00edsa\u0159sk\u00e9 l\u00edp\u011b, kter\u00e1 roste p\u0159ed na\u0161\u00edm sklepem, a to tak, \u017ee je kombinac\u00ed latinsk\u00fdch slov \u201eu l\u00edpy\u201c. V\u00edna vyr\u00e1b\u00edme z nakoupen\u00fdch hrozn\u016f z pe\u010dliv\u011b vybran\u00fdch\u00a0vini\u010dn\u00edch trat\u00ed od nejlep\u0161\u00edch p\u011bstitel\u016f\u00a0Znojemska a to v\u00a0miniaturn\u00edch parti\u00edch po 300 a\u017e 500 kusech ve t\u0159ech r\u016fzn\u00fdch \u0159ad\u00e1ch, je\u017e jsou ozna\u010deny DEN, V\u00cdKEND A SV\u00c1TEK. V\u017edy se ale sna\u017e\u00edme d\u011blat jen takov\u00e1 v\u00edna, kter\u00e1 maxim\u00e1ln\u011b respektuj\u00ed p\u016fvod a stav hrozn\u016f, s\u00a0d\u016frazem na zachov\u00e1n\u00ed kvality b\u011bhem cel\u00e9 v\u00fdroby.<\/p>\n<p style=\"text-align: justify;\">[divider line_type=&#8220;Full Width Line&#8220; custom_height=&#8220;50&#8243;]\n[\/vc_column_text][\/vc_column][\/vc_row]\n","protected":false},"excerpt":{"rendered":"<p>[vc_row type=&#8220;in_container&#8220; full_screen_row_position=&#8220;middle&#8220; scene_position=&#8220;center&#8220; text_color=&#8220;dark&#8220; text_align=&#8220;left&#8220; overlay_strength=&#8220;0.3&#8243;][vc_column column_padding=&#8220;no-extra-padding&#8220; column_padding_position=&#8220;all&#8220; background_color_opacity=&#8220;1&#8243; background_hover_color_opacity=&#8220;1&#8243; column_shadow=&#8220;none&#8220; width=&#8220;1\/1&#8243; tablet_text_alignment=&#8220;default&#8220; phone_text_alignment=&#8220;default&#8220; column_border_width=&#8220;none&#8220; column_border_style=&#8220;solid&#8220;][\/vc_column][\/vc_row][vc_row type=&#8220;in_container&#8220; full_screen_row_position=&#8220;middle&#8220; equal_height=&#8220;yes&#8220; content_placement=&#8220;middle&#8220; scene_position=&#8220;center&#8220; text_color=&#8220;dark&#8220; text_align=&#8220;left&#8220; top_padding=&#8220;50&#8243; overlay_strength=&#8220;0.3&#8243;][vc_column centered_text=&#8220;true&#8220; column_padding=&#8220;no-extra-padding&#8220; column_padding_position=&#8220;all&#8220; background_color_opacity=&#8220;1&#8243;&#8230;<\/p>\n","protected":false},"author":1,"featured_media":0,"parent":0,"menu_order":0,"comment_status":"closed","ping_status":"closed","template":"","meta":{"footnotes":""},"class_list":["post-10","page","type-page","status-publish"],"_links":{"self":[{"href":"https:\/\/www.partilia.cz\/index.php?rest_route=\/wp\/v2\/pages\/10","targetHints":{"allow":["GET"]}}],"collection":[{"href":"https:\/\/www.partilia.cz\/index.php?rest_route=\/wp\/v2\/pages"}],"about":[{"href":"https:\/\/www.partilia.cz\/index.php?rest_route=\/wp\/v2\/types\/page"}],"author":[{"embeddable":true,"href":"https:\/\/www.partilia.cz\/index.php?rest_route=\/wp\/v2\/users\/1"}],"replies":[{"embeddable":true,"href":"https:\/\/www.partilia.cz\/index.php?rest_route=%2Fwp%2Fv2%2Fcomments&post=10"}],"version-history":[{"count":35,"href":"https:\/\/www.partilia.cz\/index.php?rest_route=\/wp\/v2\/pages\/10\/revisions"}],"predecessor-version":[{"id":697,"href":"https:\/\/www.partilia.cz\/index.php?rest_route=\/wp\/v2\/pages\/10\/revisions\/697"}],"wp:attachment":[{"href":"https:\/\/www.partilia.cz\/index.php?rest_route=%2Fwp%2Fv2%2Fmedia&parent=10"}],"curies":[{"name":"wp","href":"https:\/\/api.w.org\/{rel}","templated":true}]}}